{"id":105,"date":"2021-01-12T03:45:20","date_gmt":"2021-01-12T03:45:20","guid":{"rendered":"http:\/\/spadkowebiuro.pl\/index.php\/rejestracja-firmy\/"},"modified":"2021-01-12T03:45:29","modified_gmt":"2021-01-12T03:45:29","slug":"rejestracja-firmy","status":"publish","type":"page","link":"https:\/\/spadkowebiuro.pl\/index.php\/rejestracja-firmy\/","title":{"rendered":"Rejestracja firmy"},"content":{"rendered":"\n   \n    <section class=\"-lg -sm -xl -xs u-align-center u-clearfix u-image u-section-1\" src=\"\" id=\"sec-3ae8\" data-image-width=\"1280\" data-image-height=\"754\">\n      <div class=\"u-clearfix u-sheet u-sheet-1\">\n        <div class=\"u-container-style u-group u-white u-group-1\">\n          <div class=\"u-container-layout u-valign-middle u-container-layout-1\">\n            <h1 class=\"u-align-left u-custom-font u-font-montserrat u-text u-text-palette-1-base u-text-1\">\n              <br>Rejestracja<br>firmy\n            <\/h1>\n          <\/div>\n        <\/div>\n      <\/div>\n    <\/section>\n    <section class=\"u-clearfix u-section-2\" id=\"sec-3858\">\n      <div class=\"u-clearfix u-sheet u-sheet-1\">\n        <div class=\"u-container-style u-expanded-width u-group u-shape-rectangle u-group-1\">\n          <div class=\"u-container-layout u-valign-top u-container-layout-1\">\n            <h2 class=\"u-custom-font u-font-montserrat u-text u-text-palette-1-base u-text-1\">Rejestracja firmy&nbsp;nie&nbsp;jest bardzo skomplikowanym zadaniem<br>\n            <\/h2>\n          <\/div>\n        <\/div>\n        <div class=\"u-clearfix u-expanded-width u-layout-wrap u-layout-wrap-1\">\n          <div class=\"u-gutter-0 u-layout\">\n            <div class=\"u-layout-row\">\n              <div class=\"u-container-style u-layout-cell u-size-60 u-layout-cell-1\">\n                <div class=\"u-container-layout u-container-layout-2\">\n                  <p class=\"u-text u-text-body-color u-text-2\">&nbsp;Rejestracja firmy&nbsp;nie&nbsp;jest bardzo skomplikowanym zadaniem, ale&nbsp;wymaga podj\u0119cia odpowiednich decyzji i&nbsp;prawid\u0142owego dope\u0142nienia pewnych formalno\u015bci. Je\u015bli nie&nbsp;chcesz, by&nbsp;start Twojego biznesu by\u0142 problematyczny, warto skorzysta\u0107 z&nbsp;profesjonalnego wsparcia ju\u017c przy zak\u0142adaniu dzia\u0142alno\u015bci. \u015awiadczona przez nas&nbsp;pomoc w&nbsp;rejestracji firmy&nbsp;pomo\u017ce Ci&nbsp;zacz\u0105\u0107 pewnie i&nbsp;bez&nbsp;komplikacji.<\/p>\n                  <h3 class=\"u-custom-font u-font-montserrat u-text u-text-3\">\n                    <span class=\"u-text-palette-1-base\" style=\"\">W ramach us\u0142ugi wykonujemy:&nbsp;<\/span>\n                    <br>\n                  <\/h3>\n                  <p class=\"u-text u-text-4\">zg\u0142oszenie w CEIDG&nbsp;<br>wyb\u00f3r formy opodatkowania&nbsp;<br>zg\u0142oszenie i rejestracja na potrzeby podatku VAT&nbsp;<br>zg\u0142oszenie i rejestracja ZUS\n                  <\/p>\n                <\/div>\n              <\/div>\n            <\/div>\n          <\/div>\n        <\/div>\n      <\/div>\n    <\/section>\n    \n    \n    \n  \n","protected":false},"excerpt":{"rendered":"<p>Rejestracjafirmy Rejestracja firmy&nbsp;nie&nbsp;jest bardzo skomplikowanym zadaniem &nbsp;Rejestracja firmy&nbsp;nie&nbsp;jest bardzo skomplikowanym zadaniem, ale&nbsp;wymaga podj\u0119cia odpowiednich decyzji i&nbsp;prawid\u0142owego dope\u0142nienia pewnych formalno\u015bci. Je\u015bli nie&nbsp;chcesz, by&nbsp;start Twojego biznesu by\u0142 problematyczny, warto skorzysta\u0107 z&nbsp;profesjonalnego wsparcia ju\u017c przy zak\u0142adaniu dzia\u0142alno\u015bci. \u015awiadczona przez nas&nbsp;pomoc w&nbsp;rejestracji firmy&nbsp;pomo\u017ce Ci&nbsp;zacz\u0105\u0107 pewnie i&nbsp;bez&nbsp;komplikacji. W ramach us\u0142ugi wykonujemy:&nbsp; zg\u0142oszenie w CEIDG&nbsp;wyb\u00f3r formy opodatkowania&nbsp;zg\u0142oszenie i rejestracja na potrzeby &hellip; <a href=\"https:\/\/spadkowebiuro.pl\/index.php\/rejestracja-firmy\/\" class=\"more-link\">Continue reading<span class=\"screen-reader-text\"> &#8222;Rejestracja firmy&#8221;<\/span><\/a><\/p>\n","protected":false},"author":1,"featured_media":0,"parent":0,"menu_order":1,"comment_status":"closed","ping_status":"closed","template":"","meta":[],"yoast_head":"<!-- This site is optimized with the Yoast SEO plugin v15.6.2 - https:\/\/yoast.com\/wordpress\/plugins\/seo\/ -->\n<title>Rejestracja firmy - Spadkowe Biuro Rachunkowe Iwona Stryjakiewicz<\/title>\n<meta name=\"robots\" content=\"index, follow, max-snippet:-1, max-image-preview:large, max-video-preview:-1\" \/>\n<link rel=\"canonical\" href=\"https:\/\/spadkowebiuro.pl\/index.php\/rejestracja-firmy\/\" \/>\n<meta property=\"og:locale\" content=\"pl_PL\" \/>\n<meta property=\"og:type\" content=\"article\" \/>\n<meta property=\"og:title\" content=\"Rejestracja firmy - Spadkowe Biuro Rachunkowe Iwona Stryjakiewicz\" \/>\n<meta property=\"og:description\" content=\"Rejestracjafirmy Rejestracja firmy&nbsp;nie&nbsp;jest bardzo skomplikowanym zadaniem &nbsp;Rejestracja firmy&nbsp;nie&nbsp;jest bardzo skomplikowanym zadaniem, ale&nbsp;wymaga podj\u0119cia odpowiednich decyzji i&nbsp;prawid\u0142owego dope\u0142nienia pewnych formalno\u015bci. Je\u015bli nie&nbsp;chcesz, by&nbsp;start Twojego biznesu by\u0142 problematyczny, warto skorzysta\u0107 z&nbsp;profesjonalnego wsparcia ju\u017c przy zak\u0142adaniu dzia\u0142alno\u015bci. \u015awiadczona przez nas&nbsp;pomoc w&nbsp;rejestracji firmy&nbsp;pomo\u017ce Ci&nbsp;zacz\u0105\u0107 pewnie i&nbsp;bez&nbsp;komplikacji. W ramach us\u0142ugi wykonujemy:&nbsp; zg\u0142oszenie w CEIDG&nbsp;wyb\u00f3r formy opodatkowania&nbsp;zg\u0142oszenie i rejestracja na potrzeby &hellip; Continue reading &quot;Rejestracja firmy&quot;\" \/>\n<meta property=\"og:url\" content=\"https:\/\/spadkowebiuro.pl\/index.php\/rejestracja-firmy\/\" \/>\n<meta property=\"og:site_name\" content=\"Spadkowe Biuro Rachunkowe Iwona Stryjakiewicz\" \/>\n<meta property=\"article:modified_time\" content=\"2021-01-12T03:45:29+00:00\" \/>\n<meta name=\"twitter:card\" content=\"summary_large_image\" \/>\n<meta name=\"twitter:label1\" content=\"Est. reading time\">\n\t<meta name=\"twitter:data1\" content=\"1 minuta\">\n<script type=\"application\/ld+json\" class=\"yoast-schema-graph\">{\"@context\":\"https:\/\/schema.org\",\"@graph\":[{\"@type\":\"WebSite\",\"@id\":\"https:\/\/spadkowebiuro.pl\/#website\",\"url\":\"https:\/\/spadkowebiuro.pl\/\",\"name\":\"Spadkowe Biuro Rachunkowe Iwona Stryjakiewicz\",\"description\":\"\",\"potentialAction\":[{\"@type\":\"SearchAction\",\"target\":\"https:\/\/spadkowebiuro.pl\/?s={search_term_string}\",\"query-input\":\"required name=search_term_string\"}],\"inLanguage\":\"pl-PL\"},{\"@type\":\"WebPage\",\"@id\":\"https:\/\/spadkowebiuro.pl\/index.php\/rejestracja-firmy\/#webpage\",\"url\":\"https:\/\/spadkowebiuro.pl\/index.php\/rejestracja-firmy\/\",\"name\":\"Rejestracja firmy - Spadkowe Biuro Rachunkowe Iwona Stryjakiewicz\",\"isPartOf\":{\"@id\":\"https:\/\/spadkowebiuro.pl\/#website\"},\"datePublished\":\"2021-01-12T03:45:20+00:00\",\"dateModified\":\"2021-01-12T03:45:29+00:00\",\"inLanguage\":\"pl-PL\",\"potentialAction\":[{\"@type\":\"ReadAction\",\"target\":[\"https:\/\/spadkowebiuro.pl\/index.php\/rejestracja-firmy\/\"]}]}]}<\/script>\n<!-- \/ Yoast SEO plugin. -->","_links":{"self":[{"href":"https:\/\/spadkowebiuro.pl\/index.php\/wp-json\/wp\/v2\/pages\/105"}],"collection":[{"href":"https:\/\/spadkowebiuro.pl\/index.php\/wp-json\/wp\/v2\/pages"}],"about":[{"href":"https:\/\/spadkowebiuro.pl\/index.php\/wp-json\/wp\/v2\/types\/page"}],"author":[{"embeddable":true,"href":"https:\/\/spadkowebiuro.pl\/index.php\/wp-json\/wp\/v2\/users\/1"}],"replies":[{"embeddable":true,"href":"https:\/\/spadkowebiuro.pl\/index.php\/wp-json\/wp\/v2\/comments?post=105"}],"version-history":[{"count":1,"href":"https:\/\/spadkowebiuro.pl\/index.php\/wp-json\/wp\/v2\/pages\/105\/revisions"}],"predecessor-version":[{"id":123,"href":"https:\/\/spadkowebiuro.pl\/index.php\/wp-json\/wp\/v2\/pages\/105\/revisions\/123"}],"wp:attachment":[{"href":"https:\/\/spadkowebiuro.pl\/index.php\/wp-json\/wp\/v2\/media?parent=105"}],"curies":[{"name":"wp","href":"https:\/\/api.w.org\/{rel}","templated":true}]}}