{"id":107,"date":"2021-01-12T03:45:21","date_gmt":"2021-01-12T03:45:21","guid":{"rendered":"http:\/\/spadkowebiuro.pl\/index.php\/strona-1\/"},"modified":"2021-01-14T05:20:52","modified_gmt":"2021-01-14T05:20:52","slug":"strona-1","status":"publish","type":"page","link":"https:\/\/spadkowebiuro.pl\/","title":{"rendered":"Strona 1"},"content":{"rendered":"\n  \n    <section class=\"-lg -sm -xl -xs u-align-center u-clearfix u-image u-section-1\" src=\"\" id=\"carousel_cad5\" data-image-width=\"1280\" data-image-height=\"960\">\n      <div class=\"u-clearfix u-sheet u-sheet-1\">\n        <h1 class=\"u-align-center-lg u-align-center-md u-align-center-sm u-align-center-xs u-custom-font u-font-montserrat u-text u-text-palette-1-base u-text-1\">SPADKOWE BIURO RACHUNKOWE<br>\n        <\/h1>\n        <h2 class=\"u-align-center-lg u-align-center-md u-align-center-sm u-align-center-xs u-custom-font u-font-montserrat u-text u-text-2\">\n          <span style=\"font-size: 2.25rem;\" class=\"u-text-palette-4-base\">Iwona Stryjakiewicz<\/span>\n          <br>\n        <\/h2>\n      <\/div>\n    <\/section>\n    <section class=\"u-clearfix u-section-2\" id=\"sec-64e1\">\n      <div class=\"u-clearfix u-sheet u-sheet-1\">\n        <div class=\"u-container-style u-expanded-width u-group u-shape-rectangle u-group-1\">\n          <div class=\"u-container-layout u-valign-bottom-lg u-valign-bottom-md u-valign-bottom-xl u-container-layout-1\">\n            <h2 class=\"u-custom-font u-font-montserrat u-text u-text-palette-1-base u-text-1\">O nas<\/h2>\n          <\/div>\n        <\/div>\n        <div class=\"u-clearfix u-expanded-width u-layout-wrap u-layout-wrap-1\">\n          <div class=\"u-gutter-0 u-layout\">\n            <div class=\"u-layout-row\">\n              <div class=\"u-container-style u-layout-cell u-size-60 u-layout-cell-1\">\n                <div class=\"u-container-layout u-valign-top-lg u-valign-top-md u-valign-top-xl u-container-layout-2\">\n                  <p class=\"u-text u-text-body-color u-text-2\">Spadkowe\nBiuro Rachunkowe powsta\u0142o przede wszystkim z my\u015bl\u0105 o odbiorcach\nindywidualnych. Takim w\u0142a\u015bnie odbiorcom brakuje cz\u0119sto wsparcia\nmerytorycznego w za\u0142atwieniu spraw maj\u0105tkowych takich jak nabycie\nspadku, darowizny czy te\u017c przy sprzeda\u017cy nieruchomo\u015bci. Sprawy te\nza\u0142atwiamy na og\u00f3\u0142 raz w \u017cyciu i w zwi\u0105zku ze swoj\u0105 specyfik\u0105\nbywaj\u0105 cz\u0119sto stresuj\u0105ce. Poniewa\u017c moja dotychczasowa praca\nzawodowa kt\u00f3r\u0105 wykonywa\u0142am na rzecz resortu finans\u00f3w, zwi\u0105zana\nby\u0142a w\u0142a\u015bnie z tymi dziedzinami prawa doskonale znam nie tylko\nprzepisy czy te\u017c interpretacje podatkowe ale r\u00f3wnie\u017c wytyczne\nMinisterstwa Finans\u00f3w z zakresu zar\u00f3wno podatku od spadk\u00f3w i\ndarowizn jak i podatku dochodowego  z tytu\u0142u odp\u0142atnego zbycia\nnieruchomo\u015bci. W\u0142a\u015bnie t\u0105 wiedz\u0105 pragn\u0119 si\u0119 z Pa\u0144stwem\npodzieli\u0107.\nBardzo\nserdecznie zapraszam do wsp\u00f3\u0142pracy wszystkich przedsi\u0119biorc\u00f3w,\nkt\u00f3rym zapewniam bezpieczn\u0105 i rzeteln\u0105 obs\u0142ug\u0119, po to by\u015bcie\nPa\u0144stwo mogli ca\u0142\u0105 swoj\u0105 uwag\u0119 skupi\u0107 na prowadzeniu swojej\ndzia\u0142alno\u015bci, na sprawach kt\u00f3re s\u0105 dla Pa\u0144stwa wa\u017cne.&nbsp;&nbsp;<\/p>\n                <\/div>\n              <\/div>\n            <\/div>\n          <\/div>\n        <\/div>\n      <\/div>\n    <\/section>\n    \n    \n    \n  \n","protected":false},"excerpt":{"rendered":"<p>SPADKOWE BIURO RACHUNKOWE Iwona Stryjakiewicz O nas Spadkowe Biuro Rachunkowe powsta\u0142o przede wszystkim z my\u015bl\u0105 o odbiorcach indywidualnych. Takim w\u0142a\u015bnie odbiorcom brakuje cz\u0119sto wsparcia merytorycznego w za\u0142atwieniu spraw maj\u0105tkowych takich jak nabycie spadku, darowizny czy te\u017c przy sprzeda\u017cy nieruchomo\u015bci. Sprawy te za\u0142atwiamy na og\u00f3\u0142 raz w \u017cyciu i w zwi\u0105zku ze swoj\u0105 specyfik\u0105 bywaj\u0105 cz\u0119sto &hellip; <a href=\"https:\/\/spadkowebiuro.pl\/\" class=\"more-link\">Continue reading<span class=\"screen-reader-text\"> &#8222;Strona 1&#8221;<\/span><\/a><\/p>\n","protected":false},"author":1,"featured_media":0,"parent":0,"menu_order":2,"comment_status":"closed","ping_status":"closed","template":"","meta":[],"yoast_head":"<!-- This site is optimized with the Yoast SEO plugin v15.6.2 - https:\/\/yoast.com\/wordpress\/plugins\/seo\/ -->\n<title>Spadkowe Biuro Rachunkowe Wroc\u0142aw Iwona Stryjakiewicz<\/title>\n<meta name=\"robots\" content=\"index, follow, max-snippet:-1, max-image-preview:large, max-video-preview:-1\" \/>\n<link rel=\"canonical\" href=\"https:\/\/spadkowebiuro.pl\/\" \/>\n<meta property=\"og:locale\" content=\"pl_PL\" \/>\n<meta property=\"og:type\" content=\"article\" \/>\n<meta property=\"og:title\" content=\"Spadkowe Biuro Rachunkowe Wroc\u0142aw Iwona Stryjakiewicz\" \/>\n<meta property=\"og:description\" content=\"SPADKOWE BIURO RACHUNKOWE Iwona Stryjakiewicz O nas Spadkowe Biuro Rachunkowe powsta\u0142o przede wszystkim z my\u015bl\u0105 o odbiorcach indywidualnych. Takim w\u0142a\u015bnie odbiorcom brakuje cz\u0119sto wsparcia merytorycznego w za\u0142atwieniu spraw maj\u0105tkowych takich jak nabycie spadku, darowizny czy te\u017c przy sprzeda\u017cy nieruchomo\u015bci. Sprawy te za\u0142atwiamy na og\u00f3\u0142 raz w \u017cyciu i w zwi\u0105zku ze swoj\u0105 specyfik\u0105 bywaj\u0105 cz\u0119sto &hellip; Continue reading &quot;Strona 1&quot;\" \/>\n<meta property=\"og:url\" content=\"https:\/\/spadkowebiuro.pl\/\" \/>\n<meta property=\"og:site_name\" content=\"Spadkowe Biuro Rachunkowe Iwona Stryjakiewicz\" \/>\n<meta property=\"article:modified_time\" content=\"2021-01-14T05:20:52+00:00\" \/>\n<meta name=\"twitter:card\" content=\"summary_large_image\" \/>\n<meta name=\"twitter:label1\" content=\"Est. reading time\">\n\t<meta name=\"twitter:data1\" content=\"1 minuta\">\n<script type=\"application\/ld+json\" class=\"yoast-schema-graph\">{\"@context\":\"https:\/\/schema.org\",\"@graph\":[{\"@type\":\"WebSite\",\"@id\":\"https:\/\/spadkowebiuro.pl\/#website\",\"url\":\"https:\/\/spadkowebiuro.pl\/\",\"name\":\"Spadkowe Biuro Rachunkowe Iwona Stryjakiewicz\",\"description\":\"\",\"potentialAction\":[{\"@type\":\"SearchAction\",\"target\":\"https:\/\/spadkowebiuro.pl\/?s={search_term_string}\",\"query-input\":\"required name=search_term_string\"}],\"inLanguage\":\"pl-PL\"},{\"@type\":\"WebPage\",\"@id\":\"https:\/\/spadkowebiuro.pl\/#webpage\",\"url\":\"https:\/\/spadkowebiuro.pl\/\",\"name\":\"Spadkowe Biuro Rachunkowe Wroc\\u0142aw Iwona Stryjakiewicz\",\"isPartOf\":{\"@id\":\"https:\/\/spadkowebiuro.pl\/#website\"},\"datePublished\":\"2021-01-12T03:45:21+00:00\",\"dateModified\":\"2021-01-14T05:20:52+00:00\",\"inLanguage\":\"pl-PL\",\"potentialAction\":[{\"@type\":\"ReadAction\",\"target\":[\"https:\/\/spadkowebiuro.pl\/\"]}]}]}<\/script>\n<!-- \/ Yoast SEO plugin. -->","_links":{"self":[{"href":"https:\/\/spadkowebiuro.pl\/index.php\/wp-json\/wp\/v2\/pages\/107"}],"collection":[{"href":"https:\/\/spadkowebiuro.pl\/index.php\/wp-json\/wp\/v2\/pages"}],"about":[{"href":"https:\/\/spadkowebiuro.pl\/index.php\/wp-json\/wp\/v2\/types\/page"}],"author":[{"embeddable":true,"href":"https:\/\/spadkowebiuro.pl\/index.php\/wp-json\/wp\/v2\/users\/1"}],"replies":[{"embeddable":true,"href":"https:\/\/spadkowebiuro.pl\/index.php\/wp-json\/wp\/v2\/comments?post=107"}],"version-history":[{"count":2,"href":"https:\/\/spadkowebiuro.pl\/index.php\/wp-json\/wp\/v2\/pages\/107\/revisions"}],"predecessor-version":[{"id":155,"href":"https:\/\/spadkowebiuro.pl\/index.php\/wp-json\/wp\/v2\/pages\/107\/revisions\/155"}],"wp:attachment":[{"href":"https:\/\/spadkowebiuro.pl\/index.php\/wp-json\/wp\/v2\/media?parent=107"}],"curies":[{"name":"wp","href":"https:\/\/api.w.org\/{rel}","templated":true}]}}