{"id":115,"date":"2021-01-12T03:45:25","date_gmt":"2021-01-12T03:45:25","guid":{"rendered":"http:\/\/spadkowebiuro.pl\/index.php\/promocje\/"},"modified":"2021-01-12T03:45:29","modified_gmt":"2021-01-12T03:45:29","slug":"promocje","status":"publish","type":"page","link":"https:\/\/spadkowebiuro.pl\/index.php\/promocje\/","title":{"rendered":"Promocje"},"content":{"rendered":"\n  \n    <section class=\"-lg -sm -xl -xs u-align-center u-clearfix u-image u-section-1\" src=\"\" id=\"sec-c5a6\" data-image-width=\"1280\" data-image-height=\"853\">\n      <div class=\"u-clearfix u-sheet u-sheet-1\">\n        <div class=\"u-container-style u-group u-white u-group-1\">\n          <div class=\"u-container-layout u-valign-middle u-container-layout-1\">\n            <h1 class=\"u-align-left u-custom-font u-font-montserrat u-text u-text-palette-1-base u-text-1\">\n              <br>Aktualne<br>promocje\n            <\/h1>\n          <\/div>\n        <\/div>\n      <\/div>\n    <\/section>\n    <section class=\"u-clearfix u-section-2\" id=\"sec-7044\">\n      <div class=\"u-clearfix u-sheet u-sheet-1\">\n        <div class=\"u-container-style u-expanded-width u-group u-shape-rectangle u-group-1\">\n          <div class=\"u-container-layout u-valign-top-xl u-container-layout-1\">\n            <h2 class=\"u-custom-font u-font-montserrat u-text u-text-palette-1-base u-text-1\">Promocje<br>\n            <\/h2>\n          <\/div>\n        <\/div>\n        <div class=\"u-clearfix u-expanded-width u-layout-wrap u-layout-wrap-1\">\n          <div class=\"u-layout\">\n            <div class=\"u-layout-row\">\n              <div class=\"u-align-center u-container-style u-layout-cell u-size-20 u-layout-cell-1\">\n                <div class=\"u-container-layout u-container-layout-2\"><span class=\"u-icon u-icon-circle u-text-palette-4-base u-icon-1\"><svg class=\"u-svg-link\" preserveAspectRatio=\"xMidYMin slice\" viewBox=\"0 0 429.6902160644531 429\" style=\"\"><use xmlns:xlink=\"http:\/\/www.w3.org\/1999\/xlink\" xlink:href=\"#svg-3663\"><\/use><\/svg><svg xmlns=\"http:\/\/www.w3.org\/2000\/svg\" xmlns:xlink=\"http:\/\/www.w3.org\/1999\/xlink\" version=\"1.1\" xml:space=\"preserve\" class=\"u-svg-content\" viewBox=\"0 0 429.6902160644531 429\" id=\"svg-3663\"><g transform=\"translate(0, 1)\"><path d=\"m127.273438 185.078125-.015626.273437c-1.058593 18.542969 9.328126 35.914063 26.46875 44.242188l.175782.085938c6.042968 2.890624 10.996094 7.65625 14.121094 13.582031l.070312.128906c8.636719 16.445313 26.5 26.414063 45.542969 25.414063l.289062-.015626c6.90625-.386718 13.761719 1.394532 19.605469 5.097657 16.125 10.085937 36.59375 10.085937 52.71875 0 5.84375-3.703125 12.699219-5.484375 19.605469-5.097657l.289062.015626c19.011719 1.007812 36.898438-8.96875 45.554688-25.441407l.042969-.089843c3.136718-5.941407 8.101562-10.714844 14.164062-13.609376l.140625-.070312c17.140625-8.332031 27.53125-25.699219 26.46875-44.246094l-.015625-.257812c-.351562-6.53125 1.460938-12.996094 5.164062-18.390625 10.660157-15.546875 10.660157-36.046875.003907-51.597657-3.699219-5.390624-5.519531-11.851562-5.167969-18.382812l.015625-.273438c1.0625-18.546874-9.328125-35.914062-26.484375-44.25l-.15625-.078124c-6.03125-2.882813-10.972656-7.625-14.101562-13.535157l-.089844-.175781c-8.640625-16.445312-26.527344-26.410156-45.539063-25.414062l-.292969.015624c-6.902343.386719-13.757812-1.394531-19.597656-5.097656h-.007812c-16.125-10.085937-36.59375-10.085937-52.71875 0-5.84375 3.699219-12.699219 5.480469-19.605469 5.09375l-.289063-.015625c-19.015624-1.007812-36.898437 8.96875-45.535156 25.410157l-.066406.121093c-3.128906 5.9375-8.085938 10.707031-14.136719 13.601563l-.164062.078125c-17.140625 8.328125-27.53125 25.699219-26.46875 44.246093l.015625.257813c.351562 6.53125-1.460938 12.996094-5.164063 18.386719-10.660156 15.550781-10.660156 36.054687 0 51.601562 3.699219 5.390625 5.515625 11.855469 5.160157 18.386719zm8.007812-60.902344c5.714844-8.320312 8.515625-18.296875 7.96875-28.375l-.015625-.273437c-.5625-12.289063 6.335937-23.703125 17.472656-28.925782l.136719-.066406c9.136719-4.375 16.617188-11.578125 21.335938-20.539062l.078124-.148438c5.738282-10.929687 17.757813-17.554687 30.523438-16.875l.28125.011719c10.214844.574219 20.351562-2.058594 28.992188-7.535156 10.910156-6.824219 24.753906-6.824219 35.664062 0 8.640625 5.46875 18.777344 8.105469 28.988281 7.539062l.28125-.015625c12.828125-.671875 24.789063 5.945313 30.511719 16.84375l.105469.199219c4.71875 8.949219 12.191406 16.140625 21.316406 20.511719l.132813.066406c11.3125 5.5 18.179687 16.855469 17.488281 28.9375l-.015625.285156c-.546875 10.078125 2.257812 20.050782 7.972656 28.371094 6.90625 10.074219 6.902344 23.355469-.007812 33.425781-5.710938 8.324219-8.511719 18.300781-7.964844 28.378907l.015625.269531c.691406 12.082031-6.175781 23.441406-17.492188 28.945312l-.117187.054688c-9.144532 4.382812-16.632813 11.59375-21.355469 20.570312l-.058594.117188c-5.742187 10.929687-17.742187 17.558593-30.527343 16.875l-.277344-.015625c-10.214844-.570313-20.355469 2.066406-29 7.539062-10.90625 6.820313-24.75 6.820313-35.65625 0-7.859375-4.980468-16.976563-7.621094-26.28125-7.613281-.902344 0-1.808594.023437-2.714844.074219l-.28125.011718c-12.597656.800782-24.515625-5.792968-30.535156-16.890624l-.082032-.152344c-4.710937-8.945313-12.179687-16.132813-21.300781-20.503906l-.148437-.074219c-11.316406-5.5-18.183594-16.859375-17.488282-28.9375l.015626-.285157c.542968-10.078124-2.261719-20.054687-7.972657-28.371093-6.902343-10.074219-6.898437-23.355469.011719-33.421875zm0 0\"><\/path><path d=\"m208.269531 223.601562c3.746094 2.339844 8.679688 1.195313 11.019531-2.550781l94.769532-151.820312c1.546875-2.425781 1.675781-5.496094.332031-8.039063-1.34375-2.546875-3.953125-4.171875-6.828125-4.261718-2.875-.089844-5.578125 1.371093-7.078125 3.828124l-94.765625 151.820313c-2.339844 3.75-1.199219 8.683594 2.550781 11.023437zm0 0\"><\/path><path d=\"m216.761719 141.292969c19.480469 0 35.332031-18.074219 35.332031-40.289063s-15.851562-40.285156-35.332031-40.285156-35.328125 18.070312-35.328125 40.285156 15.847656 40.289063 35.328125 40.289063zm0-64.574219c10.660156 0 19.332031 10.894531 19.332031 24.285156s-8.671875 24.289063-19.332031 24.289063c-10.65625 0-19.328125-10.902344-19.328125-24.289063 0-13.386718 8.671875-24.285156 19.328125-24.285156zm0 0\"><\/path><path d=\"m267.683594 180.800781c0 22.214844 15.847656 40.285157 35.328125 40.285157s35.332031-18.074219 35.332031-40.285157c0-22.207031-15.847656-40.285156-35.328125-40.285156-19.484375 0-35.332031 18.066406-35.332031 40.285156zm54.660156 0c0 13.390625-8.671875 24.285157-19.332031 24.285157-10.65625 0-19.328125-10.894532-19.328125-24.285157s8.671875-24.285156 19.328125-24.285156c10.660156 0 19.332031 10.886719 19.332031 24.285156zm0 0\"><\/path><path d=\"m428.652344 313.644531c-10.59375-18.800781-34.085938-25.960937-53.363282-16.265625l-62.667968 29.609375c-8.652344-16.089843-25.25-26.332031-43.515625-26.847656l-57.851563-1.59375c-9.160156-.261719-18.148437-2.585937-26.292968-6.789063l-5.886719-3.050781c-30.140625-15.710937-66.066407-15.671875-96.175781.101563l.367187-13.335938c.121094-4.417968-3.359375-8.097656-7.777344-8.21875l-63.4375-1.746094c-4.417969-.121093-8.09375 3.359376-8.214843 7.777344l-3.83203175 139.214844c-.12109425 4.417969 3.35937475 8.097656 7.77734375 8.21875l63.4375 1.746094h.222656c4.332032-.003906 7.875-3.453125 7.996094-7.78125l.179688-6.660156 16.480468-8.824219c6.46875-3.480469 14.035156-4.308594 21.101563-2.308594l98.410156 27.621094c.171875.050781.34375.089843.519531.128906 7.113282 1.488281 14.363282 2.234375 21.632813 2.230469 15.390625.007812 30.601562-3.308594 44.589843-9.730469.34375-.15625.675782-.335937.992188-.539063l142.6875-92.300781c3.558594-2.296875 4.707031-6.972656 2.621094-10.65625zm-412.433594 91.296875 3.390625-123.214844 47.445313 1.304688-3.394532 123.21875zm258.921875-2.097656c-17.378906 7.84375-36.789063 10.007812-55.46875 6.1875l-98.148437-27.542969c-11.042969-3.125-22.871094-1.828125-32.976563 3.605469l-8.421875 4.507812 2.257812-81.925781c26.683594-17.75 60.910157-19.574219 89.332032-4.765625l5.886718 3.050782c10.289063 5.3125 21.640626 8.246093 33.214844 8.578124l57.851563 1.59375c16.25.464844 30.050781 12.035157 33.347656 27.957032l-86.171875-2.371094c-4.417969-.121094-8.09375 3.359375-8.214844 7.777344-.121094 4.417968 3.359375 8.097656 7.777344 8.21875l95.097656 2.617187h.226563c4.328125-.003906 7.871093-3.453125 7.992187-7.78125.097656-3.476562-.164062-6.957031-.773437-10.378906l64.265625-30.371094.1875-.089843c9.117187-4.617188 20.144531-3.074219 27.640625 3.867187zm0 0\"><\/path>\n<\/g><\/svg><\/span>\n                  <h3 class=\"u-align-center u-text u-text-default u-text-palette-4-base u-text-2\">Dobra zmiana<\/h3>\n                  <p class=\"u-text u-text-3\">dla firm zmieniaj\u0105cych biuro rachunkowe \u2013 rabat w wysoko\u015bci 10% ceny us\u0142ugi przez 3 pierwsze miesi\u0105ce,&nbsp;<\/p>\n                <\/div>\n              <\/div>\n              <div class=\"u-container-style u-layout-cell u-size-20 u-layout-cell-2\">\n                <div class=\"u-container-layout u-container-layout-3\"><span class=\"u-icon u-icon-circle u-text-palette-4-base u-icon-2\"><svg class=\"u-svg-link\" preserveAspectRatio=\"xMidYMin slice\" viewBox=\"0 0 480.187 480.187\" style=\"\"><use xmlns:xlink=\"http:\/\/www.w3.org\/1999\/xlink\" xlink:href=\"#svg-81ea\"><\/use><\/svg><svg xmlns=\"http:\/\/www.w3.org\/2000\/svg\" xmlns:xlink=\"http:\/\/www.w3.org\/1999\/xlink\" version=\"1.1\" xml:space=\"preserve\" class=\"u-svg-content\" viewBox=\"0 0 480.187 480.187\" x=\"0px\" y=\"0px\" id=\"svg-81ea\" style=\"enable-background:new 0 0 480.187 480.187;\"><g><g><path d=\"M327.417,301.136c-1.498-4.157-6.082-6.312-10.238-4.814c-4.157,1.498-6.312,6.082-4.814,10.238    c0.037,0.102,0.076,0.203,0.117,0.304c7.296,19.04,7.824,33.6,1.44,40c-7.744,7.728-27.032,5.312-51.608-6.448    c-32.902-17.084-62.809-39.402-88.552-66.08c-62.664-62.672-88.52-124.168-72.528-140.16c5.103-4.03,11.736-5.578,18.096-4.224    c4.406,0.324,8.241-2.986,8.565-7.392c0.313-4.259-2.774-8.013-7.013-8.528c-11.123-1.968-22.535,1.275-30.96,8.8    c-29.312,29.304,15.496,105.744,72.528,162.784c27.021,27.962,58.419,51.333,92.96,69.192c6.255,2.995,12.701,5.574,19.296,7.72    l-56.84,21.552c-75.9-28.856-130.539-96.144-143.2-176.352c-0.685-4.365-4.779-7.349-9.144-6.664    c-4.365,0.685-7.349,4.779-6.664,9.144c1.256,8,2.936,16,4.992,23.824c18.422,69.799,66.943,127.784,132.4,158.224l-93.552,35.4    c-0.429-0.716-0.969-1.358-1.6-1.904c-23.776-19.089-38.694-47.084-41.28-77.464l-3.712-44.952    c-0.292-4.355-4.06-7.649-8.416-7.357c-0.083,0.006-0.166,0.012-0.248,0.021c-4.404,0.35-7.691,4.205-7.341,8.609    c0.001,0.018,0.003,0.037,0.005,0.055l3.776,44.936c2.812,32.473,17.96,62.633,42.328,84.28l-66.736,25.264l12-49.248    c1.047-4.295-1.585-8.625-5.88-9.672c-4.295-1.047-8.625,1.585-9.672,5.88l-15.608,64c-1.052,4.291,1.574,8.623,5.866,9.674    c1.574,0.386,3.227,0.284,4.742-0.29l296-112c0.471-0.23,0.916-0.509,1.328-0.832c6.406-0.984,12.345-3.946,16.984-8.472    C333.161,350.256,339.985,333.912,327.417,301.136z\"><\/path>\n<\/g>\n<\/g><g><g><path d=\"M402.913,280.504c-43.247-16.19-89.99-20.729-135.544-13.16l-28.584,4.8c-4.339,0.834-7.18,5.027-6.346,9.366    c0.806,4.192,4.761,7.013,8.986,6.41l28.576-4.76c42.782-7.113,86.683-2.847,127.296,12.368c0.901,0.319,1.852,0.479,2.808,0.472    c4.418,0.007,8.006-3.568,8.013-7.987C408.124,284.668,406.048,281.673,402.913,280.504z\"><\/path>\n<\/g>\n<\/g><g><g><path d=\"M431.353,156.56c-1.9-3.99-6.674-5.684-10.664-3.784l-168,80c-3.989,1.899-5.684,6.672-3.785,10.662    c0,0.001,0.001,0.002,0.001,0.002c1.899,3.989,6.672,5.684,10.662,3.785c0.001,0,0.001-0.001,0.002-0.001l168-80    C431.559,165.324,433.253,160.55,431.353,156.56z\"><\/path>\n<\/g>\n<\/g><g><g><path d=\"M194.377,54.296c-0.88-4.33-5.103-7.127-9.433-6.247c-4.33,0.88-7.127,5.103-6.247,9.433    c0.019,0.096,0.041,0.191,0.064,0.286c10.126,45.239,5.953,92.507-11.944,135.272l-11.632,27.912    c-1.681,4.067,0.238,8.728,4.296,10.432c0.972,0.409,2.017,0.618,3.072,0.616c3.229,0,6.141-1.94,7.384-4.92l11.64-27.88    C200.752,153.391,205.225,102.757,194.377,54.296z\"><\/path>\n<\/g>\n<\/g><g><g><path d=\"M440.105,288c-13.255,0-24,10.745-24,24s10.745,24,24,24s24-10.745,24-24S453.36,288,440.105,288z M440.105,320    c-4.418,0-8-3.582-8-8s3.582-8,8-8s8,3.582,8,8S444.523,320,440.105,320z\"><\/path>\n<\/g>\n<\/g><g><g><path d=\"M248.105,64c-13.255,0-24,10.745-24,24s10.745,24,24,24s24-10.745,24-24S261.36,64,248.105,64z M248.105,96    c-4.418,0-8-3.582-8-8s3.582-8,8-8s8,3.582,8,8S252.523,96,248.105,96z\"><\/path>\n<\/g>\n<\/g><g><g><circle cx=\"176.105\" cy=\"16\" r=\"16\"><\/circle>\n<\/g>\n<\/g><g><g><path d=\"M400.105,40c-4.418,0-8,3.582-8,8v8c0,4.418,3.582,8,8,8s8-3.582,8-8v-8C408.105,43.582,404.523,40,400.105,40z\"><\/path>\n<\/g>\n<\/g><g><g><path d=\"M400.105,0c-4.418,0-8,3.582-8,8v8c0,4.418,3.582,8,8,8s8-3.582,8-8V8C408.105,3.582,404.523,0,400.105,0z\"><\/path>\n<\/g>\n<\/g><g><g><path d=\"M424.105,24h-8c-4.418,0-8,3.582-8,8s3.582,8,8,8h8c4.418,0,8-3.582,8-8S428.523,24,424.105,24z\"><\/path>\n<\/g>\n<\/g><g><g><path d=\"M384.105,24h-8c-4.418,0-8,3.582-8,8s3.582,8,8,8h8c4.418,0,8-3.582,8-8S388.523,24,384.105,24z\"><\/path>\n<\/g>\n<\/g><g><g><path d=\"M344.105,87.832h-40.168c-4.418,0-8,3.582-8,8V136c0,4.418,3.582,8,8,8h40.168c4.418,0,8-3.582,8-8V95.832    C352.105,91.414,348.523,87.832,344.105,87.832z M336.105,128h-24.168v-24.168h24.168V128z\"><\/path>\n<\/g>\n<\/g><g><g><path d=\"M285.826,154.636c-2.937-3.135-7.825-3.391-11.073-0.58l-80,72c-3.282,2.956-3.547,8.013-0.592,11.296    c2.956,3.282,8.013,3.547,11.296,0.592l80-72C288.682,162.923,288.847,157.861,285.826,154.636z\"><\/path>\n<\/g>\n<\/g><g><g><path d=\"M432.105,184c-4.418,0-8,3.582-8,8v8c0,4.418,3.582,8,8,8s8-3.582,8-8v-8C440.105,187.582,436.523,184,432.105,184z\"><\/path>\n<\/g>\n<\/g><g><g><path d=\"M466.049,182.624l-5.656-5.656c-3.178-3.07-8.242-2.982-11.312,0.196c-2.994,3.1-2.994,8.015,0,11.116l5.656,5.656    c3.178,3.07,8.242,2.982,11.312-0.196C469.044,190.639,469.044,185.724,466.049,182.624z\"><\/path>\n<\/g>\n<\/g><g><g><path d=\"M472.105,152h-8c-4.418,0-8,3.582-8,8s3.582,8,8,8h8c4.418,0,8-3.582,8-8S476.523,152,472.105,152z\"><\/path>\n<\/g>\n<\/g><g><g><path d=\"M465.853,126.064c-3.1-2.994-8.015-2.994-11.116,0l-5.656,5.656c-3.124,3.125-3.123,8.19,0.002,11.314    c1.5,1.499,3.534,2.342,5.654,2.342v0c2.122,0,4.156-0.844,5.656-2.344l5.656-5.656    C469.119,134.198,469.031,129.133,465.853,126.064z\"><\/path>\n<\/g>\n<\/g><g><g><path d=\"M432.105,112c-4.418,0-8,3.582-8,8v8c0,4.418,3.582,8,8,8s8-3.582,8-8v-8C440.105,115.582,436.523,112,432.105,112z\"><\/path>\n<\/g>\n<\/g><g><g><path d=\"M415.129,131.72l-5.656-5.656c-3.178-3.069-8.242-2.982-11.312,0.196c-2.994,3.1-2.994,8.015,0,11.116l5.656,5.656    c3.178,3.07,8.242,2.982,11.312-0.196C418.124,139.735,418.124,134.82,415.129,131.72z\"><\/path>\n<\/g>\n<\/g><g><g><path d=\"M95.713,34.592c-0.942-2.894-3.445-5.002-6.456-5.44l-23.48-3.416L55.305,4.464c-2.334-3.963-7.439-5.284-11.402-2.95    c-1.218,0.717-2.233,1.732-2.95,2.95l-10.52,21.272l-23.48,3.416c-4.373,0.631-7.406,4.688-6.775,9.061    c0.251,1.741,1.069,3.35,2.327,4.579l16.984,16.56l-4,23.384c-0.768,4.351,2.136,8.501,6.487,9.269    c1.752,0.309,3.556,0.026,5.129-0.805l21-11.072l21,11.04c3.911,2.056,8.748,0.553,10.804-3.358    c0.819-1.557,1.101-3.34,0.804-5.074l-4-23.384l16.992-16.56C95.88,40.663,96.658,37.485,95.713,34.592z M62.505,50.832    c-1.884,1.835-2.745,4.479-2.304,7.072l1.984,11.56L51.825,64c-2.329-1.223-5.111-1.223-7.44,0l-10.4,5.456l1.984-11.56    c0.449-2.583-0.397-5.223-2.264-7.064l-8.408-8.184l11.608-1.688c2.606-0.378,4.859-2.015,6.024-4.376l5.176-10.504l5.184,10.504    c1.164,2.359,3.413,3.995,6.016,4.376l11.6,1.688L62.505,50.832z\"><\/path>\n<\/g>\n<\/g><g><g><path d=\"M453.081,401h-0.032l-3.296-4.944c-18.481-27.637-47.542-46.429-80.328-51.944c-4.374-0.624-8.426,2.416-9.05,6.79    c-0.603,4.226,2.218,8.181,6.41,8.986c23.648,4.014,45.199,16.028,61.048,34.032c-13.325,2.397-24.979,10.4-32,21.976    c-8.616,15.431-3.091,34.924,12.34,43.54c15.431,8.616,34.924,3.091,43.54-12.34c3.291-6.353,5.068-13.382,5.192-20.536    c8.512,12.363,9.193,28.508,1.752,41.544c-2.254,3.8-1.001,8.708,2.799,10.962c3.8,2.254,8.708,1.001,10.962-2.799    c0.072-0.122,0.141-0.245,0.207-0.371C487.273,449.732,478.645,416.671,453.081,401z M437.761,439.288    c-4.27,7.737-14.003,10.547-21.739,6.277s-10.547-14.003-6.277-21.739c0.024-0.043,0.048-0.087,0.072-0.13    c4.721-7.73,12.684-12.912,21.664-14.096c1.391-0.038,2.768,0.282,4,0.928C442.233,414.296,442.593,430.632,437.761,439.288z\"><\/path>\n<\/g>\n<\/g><\/svg><\/span>\n                  <h3 class=\"u-align-center u-text u-text-default u-text-palette-4-base u-text-4\">Promocja na start<\/h3>\n                  <p class=\"u-align-center u-text u-text-5\">dla firm rozpoczynaj\u0105cych dzia\u0142alno\u015b\u0107 \u2013 zni\u017cka w wysoko\u015bci 50 % ceny us\u0142ugi przez 2 pierwsze miesi\u0105ce,&nbsp;<\/p>\n                <\/div>\n              <\/div>\n              <div class=\"u-container-style u-layout-cell u-size-20 u-layout-cell-3\">\n                <div class=\"u-container-layout u-valign-top u-container-layout-4\"><span class=\"u-icon u-icon-circle u-text-palette-4-base u-icon-3\"><svg class=\"u-svg-link\" preserveAspectRatio=\"xMidYMin slice\" viewBox=\"0 0 512 512\" style=\"\"><use xmlns:xlink=\"http:\/\/www.w3.org\/1999\/xlink\" xlink:href=\"#svg-11a1\"><\/use><\/svg><svg xmlns=\"http:\/\/www.w3.org\/2000\/svg\" xmlns:xlink=\"http:\/\/www.w3.org\/1999\/xlink\" version=\"1.1\" xml:space=\"preserve\" class=\"u-svg-content\" viewBox=\"0 0 512 512\" id=\"svg-11a1\"><g><path d=\"m341.213 148.164c1.968 3.646 6.517 5.006 10.162 3.039s5.006-6.517 3.039-10.162c-23.304-44.756-79.702-69.142-128.871-54.417-59.348 16.794-93.968 78.74-77.175 138.087 16.602 59.839 80.034 93.809 138.088 77.174 49.325-13.958 82.792-59.45 81.385-110.628-.113-4.14-3.54-7.396-7.703-7.291-4.141.114-7.405 3.563-7.291 7.703 1.218 44.31-27.763 83.697-70.475 95.783-51.388 14.541-105.029-15.436-119.57-66.825-14.541-51.39 15.437-105.028 66.825-119.57 43.32-12.258 90.245 7.555 111.586 47.107z\"><\/path><path d=\"m279.143 249.333c7.691 7.958 22.871 9.177 31.819 0 8.771-8.773 8.771-23.047-.001-31.82-7.691-7.959-22.873-9.176-31.818 0-7.96 7.693-9.179 22.871 0 31.82zm10.606-21.214c2.232-2.133 6.829-3.4 10.605 0 2.925 2.924 2.925 7.683.001 10.606-2.233 2.133-6.83 3.401-10.606 0-2.133-2.229-3.401-6.83 0-10.606z\"><\/path><path d=\"m232.668 171.04c7.96-7.691 9.177-22.872.001-31.82-7.691-7.959-22.873-9.177-31.819 0-7.959 7.691-9.178 22.873-.001 31.82 7.691 7.958 22.872 9.177 31.819 0zm-21.213-10.607c-2.132-2.233-3.399-6.828.001-10.606 2.233-2.133 6.829-3.4 10.606 0 3.787 3.551 2.443 12.463-5.304 12.803-1.25-.039-3.108-.422-5.303-2.197z\"><\/path><path d=\"m208.113 249.058c1.919 0 3.839-.732 5.304-2.197l95-95c2.929-2.929 2.929-7.678 0-10.606-2.93-2.929-7.678-2.929-10.607 0l-95 95c-3.559 3.447-2.316 12.704 5.303 12.803z\"><\/path><path d=\"m367.741 62.702c0-4.142-3.357-7.5-7.5-7.5s-7.5 3.358-7.5 7.5v28.922c-10.818-10.221-22.897-18.399-35.73-24.542v-49.492c0-9.699-7.891-17.59-17.589-17.59h-83.641c-9.699 0-17.59 7.891-17.59 17.59v47.995c-13.989 6.268-27.173 14.934-38.933 26.015v-28.898c0-4.142-3.357-7.5-7.5-7.5s-7.5 3.358-7.5 7.5v45.448c-23.618 30.634-33.817 69.944-27.521 108.778.663 4.088 4.512 6.866 8.604 6.203 4.089-.663 6.866-4.515 6.203-8.604-6.654-41.049 7.306-82.694 37.343-111.398 50.246-48.014 130.165-46.23 178.153 3.973 23.247 24.318 35.625 56.238 34.854 89.879-.771 33.643-14.601 64.98-38.939 88.239-50.244 48.014-130.165 46.23-178.154-3.973-7.824-8.185-14.493-17.335-19.82-27.197-1.968-3.644-6.52-5.003-10.163-3.034-3.645 1.969-5.003 6.519-3.034 10.164 5.964 11.04 13.425 21.279 22.175 30.433 12.983 13.581 28.052 23.995 44.234 31.221v39.823c0 1.428-1.162 2.589-2.59 2.589h-45.442c-7.176 0-13.378 4.102-16.187 10.706-2.809 6.603-1.462 13.916 3.516 19.085l107.442 111.576c3.347 3.475 7.846 5.388 12.67 5.388 4.825 0 9.324-1.914 12.671-5.389l44.642-46.359c2.873-2.983 2.783-7.731-.2-10.604-2.984-2.875-7.732-2.784-10.604.2l-44.642 46.359c-.665.69-1.454.793-1.866.793-.411 0-1.2-.103-1.865-.793l-107.445-111.576c-1.033-1.073-.768-2.221-.517-2.81.25-.588.893-1.576 2.383-1.576h45.442c9.699 0 17.59-7.891 17.59-17.589v-34.139c13.851 4.371 28.258 6.572 42.679 6.571 15.6-.001 31.211-2.574 46.141-7.721v35.288c0 9.699 7.891 17.589 17.59 17.589h45.443c1.49 0 2.133.988 2.383 1.576.251.589.517 1.736-.518 2.81l-38.688 40.176c-2.873 2.983-2.783 7.731.2 10.604 1.455 1.401 3.329 2.098 5.201 2.098 1.967 0 3.932-.769 5.403-2.298l38.688-40.176c4.978-5.169 6.325-12.482 3.517-19.085s-9.011-10.706-16.187-10.706h-45.443c-1.428 0-2.59-1.162-2.59-2.589v-41.445c13.03-6.257 25.305-14.633 36.307-25.146 27.235-26.026 42.709-61.092 43.572-98.739.747-32.566-9.526-63.686-29.148-89.112zm-154.55-2.834v-42.278c0-1.428 1.162-2.59 2.59-2.59h83.641c1.428 0 2.589 1.162 2.589 2.59v43.344c-28.644-9.837-59.899-10.227-88.82-1.066z\"><\/path><path d=\"m410.241 0c-4.143 0-7.5 3.358-7.5 7.5v117.63c0 4.142 3.357 7.5 7.5 7.5s7.5-3.358 7.5-7.5v-117.63c0-4.142-3.357-7.5-7.5-7.5z\"><\/path><path d=\"m101.759 0c-4.143 0-7.5 3.358-7.5 7.5v117.63c0 4.142 3.357 7.5 7.5 7.5s7.5-3.358 7.5-7.5v-117.63c0-4.142-3.358-7.5-7.5-7.5z\"><\/path>\n<\/g><\/svg><\/span>\n                  <h3 class=\"u-align-center u-text u-text-default u-text-palette-4-base u-text-6\">Polecenia<\/h3>\n                  <p class=\"u-align-center u-text u-text-7\">dla polecaj\u0105cych - ka\u017cdemu Klientowi wprowadzaj\u0105cemu do naszego Biura nowego Klienta udzielamy jednomiesi\u0119czn\u0105 zni\u017ck\u0119 w wysoko\u015bci 100 %. Promocja dla polecaj\u0105cych wa\u017cna jest dopiero po podpisaniu umowy z polecanym klientem.<\/p>\n                <\/div>\n              <\/div>\n            <\/div>\n          <\/div>\n        <\/div>\n      <\/div>\n    <\/section>\n    \n    \n    \n  \n","protected":false},"excerpt":{"rendered":"<p>Aktualnepromocje Promocje Dobra zmiana dla firm zmieniaj\u0105cych biuro rachunkowe \u2013 rabat w wysoko\u015bci 10% ceny us\u0142ugi przez 3 pierwsze miesi\u0105ce,&nbsp; Promocja na start dla firm rozpoczynaj\u0105cych dzia\u0142alno\u015b\u0107 \u2013 zni\u017cka w wysoko\u015bci 50 % ceny us\u0142ugi przez 2 pierwsze miesi\u0105ce,&nbsp; Polecenia dla polecaj\u0105cych &#8211; ka\u017cdemu Klientowi wprowadzaj\u0105cemu do naszego Biura nowego Klienta udzielamy jednomiesi\u0119czn\u0105 zni\u017ck\u0119 w &hellip; <a href=\"https:\/\/spadkowebiuro.pl\/index.php\/promocje\/\" class=\"more-link\">Continue reading<span class=\"screen-reader-text\"> &#8222;Promocje&#8221;<\/span><\/a><\/p>\n","protected":false},"author":1,"featured_media":0,"parent":0,"menu_order":6,"comment_status":"closed","ping_status":"closed","template":"","meta":[],"yoast_head":"<!-- This site is optimized with the Yoast SEO plugin v15.6.2 - https:\/\/yoast.com\/wordpress\/plugins\/seo\/ -->\n<title>Promocje - Spadkowe Biuro Rachunkowe Iwona Stryjakiewicz<\/title>\n<meta name=\"robots\" content=\"index, follow, max-snippet:-1, max-image-preview:large, max-video-preview:-1\" \/>\n<link rel=\"canonical\" href=\"https:\/\/spadkowebiuro.pl\/index.php\/promocje\/\" \/>\n<meta property=\"og:locale\" content=\"pl_PL\" \/>\n<meta property=\"og:type\" content=\"article\" \/>\n<meta property=\"og:title\" content=\"Promocje - Spadkowe Biuro Rachunkowe Iwona Stryjakiewicz\" \/>\n<meta property=\"og:description\" content=\"Aktualnepromocje Promocje Dobra zmiana dla firm zmieniaj\u0105cych biuro rachunkowe \u2013 rabat w wysoko\u015bci 10% ceny us\u0142ugi przez 3 pierwsze miesi\u0105ce,&nbsp; Promocja na start dla firm rozpoczynaj\u0105cych dzia\u0142alno\u015b\u0107 \u2013 zni\u017cka w wysoko\u015bci 50 % ceny us\u0142ugi przez 2 pierwsze miesi\u0105ce,&nbsp; Polecenia dla polecaj\u0105cych - ka\u017cdemu Klientowi wprowadzaj\u0105cemu do naszego Biura nowego Klienta udzielamy jednomiesi\u0119czn\u0105 zni\u017ck\u0119 w &hellip; Continue reading &quot;Promocje&quot;\" \/>\n<meta property=\"og:url\" content=\"https:\/\/spadkowebiuro.pl\/index.php\/promocje\/\" \/>\n<meta property=\"og:site_name\" content=\"Spadkowe Biuro Rachunkowe Iwona Stryjakiewicz\" \/>\n<meta property=\"article:modified_time\" content=\"2021-01-12T03:45:29+00:00\" \/>\n<meta name=\"twitter:card\" content=\"summary_large_image\" \/>\n<script type=\"application\/ld+json\" class=\"yoast-schema-graph\">{\"@context\":\"https:\/\/schema.org\",\"@graph\":[{\"@type\":\"WebSite\",\"@id\":\"https:\/\/spadkowebiuro.pl\/#website\",\"url\":\"https:\/\/spadkowebiuro.pl\/\",\"name\":\"Spadkowe Biuro Rachunkowe Iwona Stryjakiewicz\",\"description\":\"\",\"potentialAction\":[{\"@type\":\"SearchAction\",\"target\":\"https:\/\/spadkowebiuro.pl\/?s={search_term_string}\",\"query-input\":\"required name=search_term_string\"}],\"inLanguage\":\"pl-PL\"},{\"@type\":\"WebPage\",\"@id\":\"https:\/\/spadkowebiuro.pl\/index.php\/promocje\/#webpage\",\"url\":\"https:\/\/spadkowebiuro.pl\/index.php\/promocje\/\",\"name\":\"Promocje - Spadkowe Biuro Rachunkowe Iwona Stryjakiewicz\",\"isPartOf\":{\"@id\":\"https:\/\/spadkowebiuro.pl\/#website\"},\"datePublished\":\"2021-01-12T03:45:25+00:00\",\"dateModified\":\"2021-01-12T03:45:29+00:00\",\"inLanguage\":\"pl-PL\",\"potentialAction\":[{\"@type\":\"ReadAction\",\"target\":[\"https:\/\/spadkowebiuro.pl\/index.php\/promocje\/\"]}]}]}<\/script>\n<!-- \/ Yoast SEO plugin. -->","_links":{"self":[{"href":"https:\/\/spadkowebiuro.pl\/index.php\/wp-json\/wp\/v2\/pages\/115"}],"collection":[{"href":"https:\/\/spadkowebiuro.pl\/index.php\/wp-json\/wp\/v2\/pages"}],"about":[{"href":"https:\/\/spadkowebiuro.pl\/index.php\/wp-json\/wp\/v2\/types\/page"}],"author":[{"embeddable":true,"href":"https:\/\/spadkowebiuro.pl\/index.php\/wp-json\/wp\/v2\/users\/1"}],"replies":[{"embeddable":true,"href":"https:\/\/spadkowebiuro.pl\/index.php\/wp-json\/wp\/v2\/comments?post=115"}],"version-history":[{"count":1,"href":"https:\/\/spadkowebiuro.pl\/index.php\/wp-json\/wp\/v2\/pages\/115\/revisions"}],"predecessor-version":[{"id":128,"href":"https:\/\/spadkowebiuro.pl\/index.php\/wp-json\/wp\/v2\/pages\/115\/revisions\/128"}],"wp:attachment":[{"href":"https:\/\/spadkowebiuro.pl\/index.php\/wp-json\/wp\/v2\/media?parent=115"}],"curies":[{"name":"wp","href":"https:\/\/api.w.org\/{rel}","templated":true}]}}