{"id":117,"date":"2021-01-12T03:45:26","date_gmt":"2021-01-12T03:45:26","guid":{"rendered":"http:\/\/spadkowebiuro.pl\/index.php\/strona-2\/"},"modified":"2021-01-14T04:11:30","modified_gmt":"2021-01-14T04:11:30","slug":"strona-2","status":"publish","type":"page","link":"https:\/\/spadkowebiuro.pl\/index.php\/strona-2\/","title":{"rendered":"Strona 2"},"content":{"rendered":"\n    \n    <section class=\"-lg -sm -xl -xs u-align-center u-clearfix u-image u-section-2\" src=\"\" id=\"sec-046c\" data-image-width=\"1280\" data-image-height=\"754\">\n      <div class=\"u-clearfix u-sheet u-sheet-1\">\n        <div class=\"u-container-style u-group u-white u-group-1\">\n          <div class=\"u-container-layout u-valign-middle u-container-layout-1\">\n            <h1 class=\"u-align-left u-custom-font u-font-montserrat u-text u-text-palette-1-base u-text-1\">\n              <br>Cennik \n            <\/h1>\n          <\/div>\n        <\/div>\n      <\/div>\n    <\/section>\n    <section class=\"u-clearfix u-section-3\" id=\"sec-8d72\">\n      <div class=\"u-clearfix u-sheet u-sheet-1\">\n        <div class=\"u-clearfix u-expanded-width u-layout-wrap u-layout-wrap-1\">\n          <div class=\"u-gutter-0 u-layout\">\n            <div class=\"u-layout-row\">\n              <div class=\"u-container-style u-layout-cell u-size-60 u-layout-cell-1\">\n                <div class=\"u-container-layout u-container-layout-1\">\n                  <p class=\"u-text u-text-body-color u-text-1\">Cena\nza&nbsp;\u015bwiadczone przez&nbsp;biuro rachunkowe  us\u0142ug ksi\u0119gowych\njest ka\u017cdorazowo ustalana indywidualnie. Jej wysoko\u015b\u0107 jest\nuzale\u017cniona m.in.&nbsp;od czynnik\u00f3w takich jak:&nbsp;<br>rodzaj\n\tewidencji ksi\u0119gowej,&nbsp;<br>liczba\n\tdokument\u00f3w w&nbsp;miesi\u0105cu,&nbsp;<br>liczba\n\tzatrudnionych pracownik\u00f3w.&nbsp;<br>\n                    <br>Orientacyjny\ncennik za&nbsp;us\u0142ugi, przy zastosowaniu wyceny opartej na&nbsp;ilo\u015bci\ndokument\u00f3w ksi\u0119gowych w&nbsp;miesi\u0105cu, przedstawia si\u0119\nw&nbsp;nast\u0119puj\u0105cy spos\u00f3b:<br>\n                  <\/p>\n                  <p class=\"u-text u-text-2\">P<span style=\"font-weight: 700;\"><\/span>rzyk\u0142adowy cennik us\u0142ug - ceny netto\n                  <\/p>\n                  <div class=\"u-table u-table-responsive u-table-1\">\n                    <table class=\"u-table-entity\">\n                      <colgroup>\n                        <col width=\"72.6%\">\n                        <col width=\"27.4%\">\n                      <\/colgroup>\n                      <tbody class=\"u-table-body\">\n                        <tr style=\"height: 49px;\">\n                          <td class=\"u-border-1 u-border-palette-1-base u-palette-4-base u-table-cell u-table-cell-1\"><b>Rodzaj ewidencji ksi\u0119gowej<\/b>\n                          <\/td>\n                          <td class=\"u-border-1 u-border-palette-1-base u-palette-4-base u-table-cell u-table-cell-2\"><b>Cena\nminimalna<\/b>\n                          <\/td>\n                        <\/tr>\n                        <tr style=\"height: 49px;\">\n                          <td class=\"u-border-1 u-border-grey-dark-1 u-table-cell\">ksi\u0119ga\nprzychod\u00f3w i&nbsp;rozchod\u00f3w bez&nbsp;VAT<\/td>\n                          <td class=\"u-border-1 u-border-grey-dark-1 u-table-cell\">od&nbsp;100\nz\u0142otych netto<br>\n                          <\/td>\n                        <\/tr>\n                        <tr style=\"height: 49px;\">\n                          <td class=\"u-border-1 u-border-grey-dark-1 u-palette-1-base u-table-cell u-table-cell-5\">ksi\u0119ga\nprzychod\u00f3w i&nbsp;rozchod\u00f3w z&nbsp;VAT<\/td>\n                          <td class=\"u-border-1 u-border-grey-dark-1 u-palette-1-base u-table-cell u-table-cell-6\">od&nbsp;150\nz\u0142otych netto<br>\n                          <\/td>\n                        <\/tr>\n                        <tr style=\"height: 49px;\">\n                          <td class=\"u-border-1 u-border-grey-dark-1 u-table-cell\">rycza\u0142t\nod&nbsp;przychod\u00f3w ewidencjonowanych bez&nbsp;VAT<\/td>\n                          <td class=\"u-border-1 u-border-grey-dark-1 u-table-cell\">od&nbsp;80\nz\u0142otych netto<br>\n                          <\/td>\n                        <\/tr>\n                        <tr style=\"height: 49px;\">\n                          <td class=\"u-border-1 u-border-grey-dark-1 u-palette-1-base u-table-cell u-table-cell-9\">rycza\u0142t\nod&nbsp;przychod\u00f3w ewidencjonowanych z&nbsp;VAT<\/td>\n                          <td class=\"u-border-1 u-border-grey-dark-1 u-palette-1-base u-table-cell u-table-cell-10\">od&nbsp;120\nz\u0142otych netto<br>\n                          <\/td>\n                        <\/tr>\n                        <tr style=\"height: 49px;\">\n                          <td class=\"u-border-1 u-border-grey-dark-1 u-table-cell\">kadry i&nbsp;p\u0142ace&nbsp;za&nbsp;1 pracownika<\/td>\n                          <td class=\"u-border-1 u-border-grey-dark-1 u-table-cell\">od&nbsp;35\nz\u0142otych netto<br>\n                          <\/td>\n                        <\/tr>\n                        <tr style=\"height: 49px;\">\n                          <td class=\"u-border-1 u-border-grey-dark-1 u-palette-1-base u-table-cell u-table-cell-13\">PIT-39<\/td>\n                          <td class=\"u-border-1 u-border-grey-dark-1 u-palette-1-base u-table-cell u-table-cell-14\">od&nbsp;80\nz\u0142otych netto<br>\n                          <\/td>\n                        <\/tr>\n                        <tr style=\"height: 49px;\">\n                          <td class=\"u-border-1 u-border-grey-dark-1 u-table-cell\">Zg\u0142oszenie\nSD-Z2<\/td>\n                          <td class=\"u-border-1 u-border-grey-dark-1 u-table-cell\">od&nbsp;40\nz\u0142otych netto<br>\n                          <\/td>\n                        <\/tr>\n                        <tr style=\"height: 49px;\">\n                          <td class=\"u-border-1 u-border-grey-dark-1 u-palette-1-base u-table-cell u-table-cell-17\">Deklaracja\nSD-3<\/td>\n                          <td class=\"u-border-1 u-border-grey-dark-1 u-palette-1-base u-table-cell u-table-cell-18\">od&nbsp;80\nz\u0142otych netto<br>\n                          <\/td>\n                        <\/tr>\n                      <\/tbody>\n                    <\/table>\n                  <\/div>\n                  <p class=\"u-custom-font u-text u-text-3\">Aby\nuzyska\u0107 szczeg\u00f3\u0142ow\u0105 ofert\u0119, zach\u0119camy do&nbsp;z\u0142o\u017cenia\nzapytania drog\u0105 mailow\u0105. Nasze&nbsp;biuro&nbsp;nie&nbsp;stosuje\nsztywnego cennika. Wszystkie czynno\u015bci wykonujemy w&nbsp;ramach\njednej zrycza\u0142towanej ceny uzgodnionej indywidualnie z&nbsp;klientem.<\/p>\n                <\/div>\n              <\/div>\n            <\/div>\n          <\/div>\n        <\/div>\n      <\/div>\n    <\/section>\n    \n    \n  \n","protected":false},"excerpt":{"rendered":"<p>Cennik Cena za&nbsp;\u015bwiadczone przez&nbsp;biuro rachunkowe us\u0142ug ksi\u0119gowych jest ka\u017cdorazowo ustalana indywidualnie. Jej wysoko\u015b\u0107 jest uzale\u017cniona m.in.&nbsp;od czynnik\u00f3w takich jak:&nbsp;rodzaj ewidencji ksi\u0119gowej,&nbsp;liczba dokument\u00f3w w&nbsp;miesi\u0105cu,&nbsp;liczba zatrudnionych pracownik\u00f3w.&nbsp; Orientacyjny cennik za&nbsp;us\u0142ugi, przy zastosowaniu wyceny opartej na&nbsp;ilo\u015bci dokument\u00f3w ksi\u0119gowych w&nbsp;miesi\u0105cu, przedstawia si\u0119 w&nbsp;nast\u0119puj\u0105cy spos\u00f3b: Przyk\u0142adowy cennik us\u0142ug &#8211; ceny netto Rodzaj ewidencji ksi\u0119gowej Cena minimalna ksi\u0119ga przychod\u00f3w i&nbsp;rozchod\u00f3w bez&nbsp;VAT &hellip; <a href=\"https:\/\/spadkowebiuro.pl\/index.php\/strona-2\/\" class=\"more-link\">Continue reading<span class=\"screen-reader-text\"> &#8222;Strona 2&#8221;<\/span><\/a><\/p>\n","protected":false},"author":1,"featured_media":0,"parent":0,"menu_order":7,"comment_status":"closed","ping_status":"closed","template":"","meta":[],"yoast_head":"<!-- This site is optimized with the Yoast SEO plugin v15.6.2 - https:\/\/yoast.com\/wordpress\/plugins\/seo\/ -->\n<title>Strona 2 - Spadkowe Biuro Rachunkowe Iwona Stryjakiewicz<\/title>\n<meta name=\"robots\" content=\"index, follow, max-snippet:-1, max-image-preview:large, max-video-preview:-1\" \/>\n<link rel=\"canonical\" href=\"https:\/\/spadkowebiuro.pl\/index.php\/strona-2\/\" \/>\n<meta property=\"og:locale\" content=\"pl_PL\" \/>\n<meta property=\"og:type\" content=\"article\" \/>\n<meta property=\"og:title\" content=\"Strona 2 - Spadkowe Biuro Rachunkowe Iwona Stryjakiewicz\" \/>\n<meta property=\"og:description\" content=\"Cennik Cena za&nbsp;\u015bwiadczone przez&nbsp;biuro rachunkowe us\u0142ug ksi\u0119gowych jest ka\u017cdorazowo ustalana indywidualnie. Jej wysoko\u015b\u0107 jest uzale\u017cniona m.in.&nbsp;od czynnik\u00f3w takich jak:&nbsp;rodzaj ewidencji ksi\u0119gowej,&nbsp;liczba dokument\u00f3w w&nbsp;miesi\u0105cu,&nbsp;liczba zatrudnionych pracownik\u00f3w.&nbsp; Orientacyjny cennik za&nbsp;us\u0142ugi, przy zastosowaniu wyceny opartej na&nbsp;ilo\u015bci dokument\u00f3w ksi\u0119gowych w&nbsp;miesi\u0105cu, przedstawia si\u0119 w&nbsp;nast\u0119puj\u0105cy spos\u00f3b: Przyk\u0142adowy cennik us\u0142ug - ceny netto Rodzaj ewidencji ksi\u0119gowej Cena minimalna ksi\u0119ga przychod\u00f3w i&nbsp;rozchod\u00f3w bez&nbsp;VAT &hellip; Continue reading &quot;Strona 2&quot;\" \/>\n<meta property=\"og:url\" content=\"https:\/\/spadkowebiuro.pl\/index.php\/strona-2\/\" \/>\n<meta property=\"og:site_name\" content=\"Spadkowe Biuro Rachunkowe Iwona Stryjakiewicz\" \/>\n<meta property=\"article:modified_time\" content=\"2021-01-14T04:11:30+00:00\" \/>\n<meta name=\"twitter:card\" content=\"summary_large_image\" \/>\n<meta name=\"twitter:label1\" content=\"Est. reading time\">\n\t<meta name=\"twitter:data1\" content=\"1 minuta\">\n<script type=\"application\/ld+json\" class=\"yoast-schema-graph\">{\"@context\":\"https:\/\/schema.org\",\"@graph\":[{\"@type\":\"WebSite\",\"@id\":\"https:\/\/spadkowebiuro.pl\/#website\",\"url\":\"https:\/\/spadkowebiuro.pl\/\",\"name\":\"Spadkowe Biuro Rachunkowe Iwona Stryjakiewicz\",\"description\":\"\",\"potentialAction\":[{\"@type\":\"SearchAction\",\"target\":\"https:\/\/spadkowebiuro.pl\/?s={search_term_string}\",\"query-input\":\"required name=search_term_string\"}],\"inLanguage\":\"pl-PL\"},{\"@type\":\"WebPage\",\"@id\":\"https:\/\/spadkowebiuro.pl\/index.php\/strona-2\/#webpage\",\"url\":\"https:\/\/spadkowebiuro.pl\/index.php\/strona-2\/\",\"name\":\"Strona 2 - Spadkowe Biuro Rachunkowe Iwona Stryjakiewicz\",\"isPartOf\":{\"@id\":\"https:\/\/spadkowebiuro.pl\/#website\"},\"datePublished\":\"2021-01-12T03:45:26+00:00\",\"dateModified\":\"2021-01-14T04:11:30+00:00\",\"inLanguage\":\"pl-PL\",\"potentialAction\":[{\"@type\":\"ReadAction\",\"target\":[\"https:\/\/spadkowebiuro.pl\/index.php\/strona-2\/\"]}]}]}<\/script>\n<!-- \/ Yoast SEO plugin. -->","_links":{"self":[{"href":"https:\/\/spadkowebiuro.pl\/index.php\/wp-json\/wp\/v2\/pages\/117"}],"collection":[{"href":"https:\/\/spadkowebiuro.pl\/index.php\/wp-json\/wp\/v2\/pages"}],"about":[{"href":"https:\/\/spadkowebiuro.pl\/index.php\/wp-json\/wp\/v2\/types\/page"}],"author":[{"embeddable":true,"href":"https:\/\/spadkowebiuro.pl\/index.php\/wp-json\/wp\/v2\/users\/1"}],"replies":[{"embeddable":true,"href":"https:\/\/spadkowebiuro.pl\/index.php\/wp-json\/wp\/v2\/comments?post=117"}],"version-history":[{"count":3,"href":"https:\/\/spadkowebiuro.pl\/index.php\/wp-json\/wp\/v2\/pages\/117\/revisions"}],"predecessor-version":[{"id":152,"href":"https:\/\/spadkowebiuro.pl\/index.php\/wp-json\/wp\/v2\/pages\/117\/revisions\/152"}],"wp:attachment":[{"href":"https:\/\/spadkowebiuro.pl\/index.php\/wp-json\/wp\/v2\/media?parent=117"}],"curies":[{"name":"wp","href":"https:\/\/api.w.org\/{rel}","templated":true}]}}